{"id":1990,"date":"2025-09-26T12:02:53","date_gmt":"2025-09-26T12:02:53","guid":{"rendered":"https:\/\/www.restaurantefadura.com\/menus-y-raciones\/"},"modified":"2025-10-08T20:56:59","modified_gmt":"2025-10-08T20:56:59","slug":"menuak-eta-anoak","status":"publish","type":"page","link":"https:\/\/www.restaurantefadura.com\/eu\/menuak-eta-anoak\/","title":{"rendered":"Menuak eta anoak"},"content":{"rendered":"<p>[et_pb_section bb_built=&#8221;1&#8243; inner_width=&#8221;auto&#8221; inner_max_width=&#8221;1080px&#8221;][et_pb_row][et_pb_column type=&#8221;4_4&#8243; custom_padding__hover=&#8221;|||&#8221; custom_padding=&#8221;|||&#8221;][et_pb_text _builder_version=&#8221;4.27.0&#8243; background_pattern_color=&#8221;rgba(0,0,0,0.2)&#8221; background_mask_color=&#8221;#ffffff&#8221; text_text_shadow_horizontal_length=&#8221;text_text_shadow_style,%91object Object%93&#8243; text_text_shadow_horizontal_length_tablet=&#8221;0px&#8221; text_text_shadow_vertical_length=&#8221;text_text_shadow_style,%91object Object%93&#8243; text_text_shadow_vertical_length_tablet=&#8221;0px&#8221; text_text_shadow_blur_strength=&#8221;text_text_shadow_style,%91object Object%93&#8243; text_text_shadow_blur_strength_tablet=&#8221;1px&#8221; link_text_shadow_horizontal_length=&#8221;link_text_shadow_style,%91object Object%93&#8243; link_text_shadow_horizontal_length_tablet=&#8221;0px&#8221; link_text_shadow_vertical_length=&#8221;link_text_shadow_style,%91object Object%93&#8243; link_text_shadow_vertical_length_tablet=&#8221;0px&#8221; link_text_shadow_blur_strength=&#8221;link_text_shadow_style,%91object Object%93&#8243; link_text_shadow_blur_strength_tablet=&#8221;1px&#8221; ul_text_shadow_horizontal_length=&#8221;ul_text_shadow_style,%91object Object%93&#8243; ul_text_shadow_horizontal_length_tablet=&#8221;0px&#8221; ul_text_shadow_vertical_length=&#8221;ul_text_shadow_style,%91object Object%93&#8243; ul_text_shadow_vertical_length_tablet=&#8221;0px&#8221; ul_text_shadow_blur_strength=&#8221;ul_text_shadow_style,%91object Object%93&#8243; ul_text_shadow_blur_strength_tablet=&#8221;1px&#8221; ol_text_shadow_horizontal_length=&#8221;ol_text_shadow_style,%91object Object%93&#8243; ol_text_shadow_horizontal_length_tablet=&#8221;0px&#8221; ol_text_shadow_vertical_length=&#8221;ol_text_shadow_style,%91object Object%93&#8243; ol_text_shadow_vertical_length_tablet=&#8221;0px&#8221; ol_text_shadow_blur_strength=&#8221;ol_text_shadow_style,%91object Object%93&#8243; ol_text_shadow_blur_strength_tablet=&#8221;1px&#8221; quote_text_shadow_horizontal_length=&#8221;quote_text_shadow_style,%91object Object%93&#8243; quote_text_shadow_horizontal_length_tablet=&#8221;0px&#8221; quote_text_shadow_vertical_length=&#8221;quote_text_shadow_style,%91object Object%93&#8243; quote_text_shadow_vertical_length_tablet=&#8221;0px&#8221; quote_text_shadow_blur_strength=&#8221;quote_text_shadow_style,%91object Object%93&#8243; quote_text_shadow_blur_strength_tablet=&#8221;1px&#8221; header_text_shadow_horizontal_length=&#8221;header_text_shadow_style,%91object Object%93&#8243; header_text_shadow_horizontal_length_tablet=&#8221;0px&#8221; header_text_shadow_vertical_length=&#8221;header_text_shadow_style,%91object Object%93&#8243; header_text_shadow_vertical_length_tablet=&#8221;0px&#8221; header_text_shadow_blur_strength=&#8221;header_text_shadow_style,%91object Object%93&#8243; header_text_shadow_blur_strength_tablet=&#8221;1px&#8221; header_2_text_shadow_horizontal_length=&#8221;header_2_text_shadow_style,%91object Object%93&#8243; header_2_text_shadow_horizontal_length_tablet=&#8221;0px&#8221; header_2_text_shadow_vertical_length=&#8221;header_2_text_shadow_style,%91object Object%93&#8243; header_2_text_shadow_vertical_length_tablet=&#8221;0px&#8221; header_2_text_shadow_blur_strength=&#8221;header_2_text_shadow_style,%91object Object%93&#8243; header_2_text_shadow_blur_strength_tablet=&#8221;1px&#8221; header_3_text_shadow_horizontal_length=&#8221;header_3_text_shadow_style,%91object Object%93&#8243; header_3_text_shadow_horizontal_length_tablet=&#8221;0px&#8221; header_3_text_shadow_vertical_length=&#8221;header_3_text_shadow_style,%91object Object%93&#8243; header_3_text_shadow_vertical_length_tablet=&#8221;0px&#8221; header_3_text_shadow_blur_strength=&#8221;header_3_text_shadow_style,%91object Object%93&#8243; header_3_text_shadow_blur_strength_tablet=&#8221;1px&#8221; header_4_text_shadow_horizontal_length=&#8221;header_4_text_shadow_style,%91object Object%93&#8243; header_4_text_shadow_horizontal_length_tablet=&#8221;0px&#8221; header_4_text_shadow_vertical_length=&#8221;header_4_text_shadow_style,%91object Object%93&#8243; header_4_text_shadow_vertical_length_tablet=&#8221;0px&#8221; header_4_text_shadow_blur_strength=&#8221;header_4_text_shadow_style,%91object Object%93&#8243; header_4_text_shadow_blur_strength_tablet=&#8221;1px&#8221; header_5_text_shadow_horizontal_length=&#8221;header_5_text_shadow_style,%91object Object%93&#8243; header_5_text_shadow_horizontal_length_tablet=&#8221;0px&#8221; header_5_text_shadow_vertical_length=&#8221;header_5_text_shadow_style,%91object Object%93&#8243; header_5_text_shadow_vertical_length_tablet=&#8221;0px&#8221; header_5_text_shadow_blur_strength=&#8221;header_5_text_shadow_style,%91object Object%93&#8243; header_5_text_shadow_blur_strength_tablet=&#8221;1px&#8221; header_6_text_shadow_horizontal_length=&#8221;header_6_text_shadow_style,%91object Object%93&#8243; header_6_text_shadow_horizontal_length_tablet=&#8221;0px&#8221; header_6_text_shadow_vertical_length=&#8221;header_6_text_shadow_style,%91object Object%93&#8243; header_6_text_shadow_vertical_length_tablet=&#8221;0px&#8221; header_6_text_shadow_blur_strength=&#8221;header_6_text_shadow_style,%91object Object%93&#8243; header_6_text_shadow_blur_strength_tablet=&#8221;1px&#8221; box_shadow_horizontal_tablet=&#8221;0px&#8221; box_shadow_vertical_tablet=&#8221;0px&#8221; box_shadow_blur_tablet=&#8221;40px&#8221; box_shadow_spread_tablet=&#8221;0px&#8221; vertical_offset_tablet=&#8221;0&#8243; horizontal_offset_tablet=&#8221;0&#8243; z_index_tablet=&#8221;0&#8243;]<\/p>\n<h1>Menuak eta anoak<\/h1>\n<p>[\/et_pb_text][et_pb_divider _builder_version=&#8221;4.27.0&#8243; background_pattern_color=&#8221;rgba(0,0,0,0.2)&#8221; background_mask_color=&#8221;#ffffff&#8221; box_shadow_horizontal_tablet=&#8221;0px&#8221; box_shadow_vertical_tablet=&#8221;0px&#8221; box_shadow_blur_tablet=&#8221;40px&#8221; box_shadow_spread_tablet=&#8221;0px&#8221; vertical_offset_tablet=&#8221;0&#8243; horizontal_offset_tablet=&#8221;0&#8243; z_index_tablet=&#8221;0&#8243; \/][\/et_pb_column][\/et_pb_row][et_pb_row][et_pb_column type=&#8221;4_4&#8243; custom_padding__hover=&#8221;|||&#8221; custom_padding=&#8221;|||&#8221;][et_pb_text _builder_version=&#8221;4.27.0&#8243; background_pattern_color=&#8221;rgba(0,0,0,0.2)&#8221; background_mask_color=&#8221;#ffffff&#8221; text_text_shadow_horizontal_length=&#8221;text_text_shadow_style,%91object Object%93&#8243; text_text_shadow_horizontal_length_tablet=&#8221;0px&#8221; text_text_shadow_vertical_length=&#8221;text_text_shadow_style,%91object Object%93&#8243; text_text_shadow_vertical_length_tablet=&#8221;0px&#8221; text_text_shadow_blur_strength=&#8221;text_text_shadow_style,%91object Object%93&#8243; text_text_shadow_blur_strength_tablet=&#8221;1px&#8221; link_text_shadow_horizontal_length=&#8221;link_text_shadow_style,%91object Object%93&#8243; link_text_shadow_horizontal_length_tablet=&#8221;0px&#8221; link_text_shadow_vertical_length=&#8221;link_text_shadow_style,%91object Object%93&#8243; link_text_shadow_vertical_length_tablet=&#8221;0px&#8221; link_text_shadow_blur_strength=&#8221;link_text_shadow_style,%91object Object%93&#8243; link_text_shadow_blur_strength_tablet=&#8221;1px&#8221; ul_text_shadow_horizontal_length=&#8221;ul_text_shadow_style,%91object Object%93&#8243; ul_text_shadow_horizontal_length_tablet=&#8221;0px&#8221; ul_text_shadow_vertical_length=&#8221;ul_text_shadow_style,%91object Object%93&#8243; ul_text_shadow_vertical_length_tablet=&#8221;0px&#8221; ul_text_shadow_blur_strength=&#8221;ul_text_shadow_style,%91object Object%93&#8243; ul_text_shadow_blur_strength_tablet=&#8221;1px&#8221; ol_text_shadow_horizontal_length=&#8221;ol_text_shadow_style,%91object Object%93&#8243; ol_text_shadow_horizontal_length_tablet=&#8221;0px&#8221; ol_text_shadow_vertical_length=&#8221;ol_text_shadow_style,%91object Object%93&#8243; ol_text_shadow_vertical_length_tablet=&#8221;0px&#8221; ol_text_shadow_blur_strength=&#8221;ol_text_shadow_style,%91object Object%93&#8243; ol_text_shadow_blur_strength_tablet=&#8221;1px&#8221; quote_text_shadow_horizontal_length=&#8221;quote_text_shadow_style,%91object Object%93&#8243; quote_text_shadow_horizontal_length_tablet=&#8221;0px&#8221; quote_text_shadow_vertical_length=&#8221;quote_text_shadow_style,%91object Object%93&#8243; quote_text_shadow_vertical_length_tablet=&#8221;0px&#8221; quote_text_shadow_blur_strength=&#8221;quote_text_shadow_style,%91object Object%93&#8243; quote_text_shadow_blur_strength_tablet=&#8221;1px&#8221; header_text_shadow_horizontal_length=&#8221;header_text_shadow_style,%91object Object%93&#8243; header_text_shadow_horizontal_length_tablet=&#8221;0px&#8221; header_text_shadow_vertical_length=&#8221;header_text_shadow_style,%91object Object%93&#8243; header_text_shadow_vertical_length_tablet=&#8221;0px&#8221; header_text_shadow_blur_strength=&#8221;header_text_shadow_style,%91object Object%93&#8243; header_text_shadow_blur_strength_tablet=&#8221;1px&#8221; header_2_text_shadow_horizontal_length=&#8221;header_2_text_shadow_style,%91object Object%93&#8243; header_2_text_shadow_horizontal_length_tablet=&#8221;0px&#8221; header_2_text_shadow_vertical_length=&#8221;header_2_text_shadow_style,%91object Object%93&#8243; header_2_text_shadow_vertical_length_tablet=&#8221;0px&#8221; header_2_text_shadow_blur_strength=&#8221;header_2_text_shadow_style,%91object Object%93&#8243; header_2_text_shadow_blur_strength_tablet=&#8221;1px&#8221; header_3_text_shadow_horizontal_length=&#8221;header_3_text_shadow_style,%91object Object%93&#8243; header_3_text_shadow_horizontal_length_tablet=&#8221;0px&#8221; header_3_text_shadow_vertical_length=&#8221;header_3_text_shadow_style,%91object Object%93&#8243; header_3_text_shadow_vertical_length_tablet=&#8221;0px&#8221; header_3_text_shadow_blur_strength=&#8221;header_3_text_shadow_style,%91object Object%93&#8243; header_3_text_shadow_blur_strength_tablet=&#8221;1px&#8221; header_4_text_shadow_horizontal_length=&#8221;header_4_text_shadow_style,%91object Object%93&#8243; header_4_text_shadow_horizontal_length_tablet=&#8221;0px&#8221; header_4_text_shadow_vertical_length=&#8221;header_4_text_shadow_style,%91object Object%93&#8243; header_4_text_shadow_vertical_length_tablet=&#8221;0px&#8221; header_4_text_shadow_blur_strength=&#8221;header_4_text_shadow_style,%91object Object%93&#8243; header_4_text_shadow_blur_strength_tablet=&#8221;1px&#8221; header_5_text_shadow_horizontal_length=&#8221;header_5_text_shadow_style,%91object Object%93&#8243; header_5_text_shadow_horizontal_length_tablet=&#8221;0px&#8221; header_5_text_shadow_vertical_length=&#8221;header_5_text_shadow_style,%91object Object%93&#8243; header_5_text_shadow_vertical_length_tablet=&#8221;0px&#8221; header_5_text_shadow_blur_strength=&#8221;header_5_text_shadow_style,%91object Object%93&#8243; header_5_text_shadow_blur_strength_tablet=&#8221;1px&#8221; header_6_text_shadow_horizontal_length=&#8221;header_6_text_shadow_style,%91object Object%93&#8243; header_6_text_shadow_horizontal_length_tablet=&#8221;0px&#8221; header_6_text_shadow_vertical_length=&#8221;header_6_text_shadow_style,%91object Object%93&#8243; header_6_text_shadow_vertical_length_tablet=&#8221;0px&#8221; header_6_text_shadow_blur_strength=&#8221;header_6_text_shadow_style,%91object Object%93&#8243; header_6_text_shadow_blur_strength_tablet=&#8221;1px&#8221; box_shadow_horizontal_tablet=&#8221;0px&#8221; box_shadow_vertical_tablet=&#8221;0px&#8221; box_shadow_blur_tablet=&#8221;40px&#8221; box_shadow_spread_tablet=&#8221;0px&#8221; vertical_offset_tablet=&#8221;0&#8243; horizontal_offset_tablet=&#8221;0&#8243; z_index_tablet=&#8221;0&#8243;]<\/p>\n<p>Faduran denetarik duzu ondo jateko: eguneko menu goxoak eta orekatuak, asteburuko menu bereziak, eta mimoz eta produktu freskoz egindako anoa, bokata eta hanburgesa sorta ederra.<\/p>\n<p><strong>Menuak egunero zerbitzatzen ditugu 13:00etatik 15:30era.<\/strong><\/p>\n<p>Hemen uzten dizkizugu gure gutunak, gehien gustatzen zaizuna aukera dezazun.<\/p>\n<p>On egin!<\/p>\n<ul>\n<li><a href=\"https:\/\/www.restaurantefadura.com\/eu\/eguneko-menua\/\" target=\"_blank\" rel=\"noopener\">Eguneko menua<\/a><\/li>\n<li><a href=\"https:\/\/www.restaurantefadura.com\/eu\/asteburuko-menuak\/\" target=\"_blank\" rel=\"noopener\">Asteburuko menua<\/a><\/li>\n<li><a href=\"https:\/\/www.restaurantefadura.com\/eu\/anoak-platerak\/\" target=\"_blank\" rel=\"noopener\">Anoak eta platerak<\/a><\/li>\n<li><a href=\"https:\/\/www.restaurantefadura.com\/eu\/ogitartekoak-sandwichak\/\" target=\"_blank\" rel=\"noopener\">Ogitartekoak eta sandwichak<\/a><\/li>\n<\/ul>\n<p>[\/et_pb_text][\/et_pb_column][\/et_pb_row][\/et_pb_section]<\/p>\n","protected":false},"excerpt":{"rendered":"<p><div class=\"et_pb_row et_pb_row_0 et_pb_row_empty\">\n\t\t\t\t\n\t\t\t\t\n\t\t\t\t\n\t\t\t\t\n\t\t\t\t\n\t\t\t<\/div> Menuak eta anoak <div class=\"et_pb_row et_pb_row_1 et_pb_row_empty\">\n\t\t\t\t\n\t\t\t\t\n\t\t\t\t\n\t\t\t\t\n\t\t\t\t\n\t\t\t<\/div> Faduran denetarik duzu ondo jateko: eguneko menu goxoak eta orekatuak, asteburuko menu bereziak, eta mimoz eta produktu freskoz egindako anoa, bokata eta hanburgesa sorta ederra.Menuak egunero zerbitzatzen ditugu 13:00etatik 15:30era.Hemen uzten dizkizugu gure gutunak, gehien gustatzen zaizuna aukera dezazun.On egin!Eguneko menuaAsteburuko menuaAnoak eta platerakOgitartekoak eta sandwichak<\/p>\n","protected":false},"author":6,"featured_media":0,"parent":0,"menu_order":0,"comment_status":"closed","ping_status":"closed","template":"","meta":{"_et_pb_use_builder":"on","_et_pb_old_content":"","_et_gb_content_width":"","_exactmetrics_skip_tracking":false,"_exactmetrics_sitenote_active":false,"_exactmetrics_sitenote_note":"","_exactmetrics_sitenote_category":0,"footnotes":""},"class_list":["post-1990","page","type-page","status-publish","hentry"],"yoast_head":"<!-- This site is optimized with the Yoast SEO plugin v23.2 - https:\/\/yoast.com\/wordpress\/plugins\/seo\/ -->\n<title>Menuak eta anoak | Restaurante Fadura Jatetxea - Getxo<\/title>\n<meta name=\"description\" content=\"En Fadura tienes de todo para comer bien: men\u00fas del d\u00eda ricos y equilibrados, men\u00fas especiales de fin de semana, y a base de mimo y productos frescos\" \/>\n<meta name=\"robots\" content=\"index, follow, max-snippet:-1, max-image-preview:large, max-video-preview:-1\" \/>\n<link rel=\"canonical\" href=\"https:\/\/www.restaurantefadura.com\/eu\/menuak-eta-anoak\/\" \/>\n<meta property=\"og:locale\" content=\"eu_ES\" \/>\n<meta property=\"og:type\" content=\"article\" \/>\n<meta property=\"og:title\" content=\"Menuak eta anoak | Restaurante Fadura Jatetxea - Getxo\" \/>\n<meta property=\"og:description\" content=\"En Fadura tienes de todo para comer bien: men\u00fas del d\u00eda ricos y equilibrados, men\u00fas especiales de fin de semana, y a base de mimo y productos frescos\" \/>\n<meta property=\"og:url\" content=\"https:\/\/www.restaurantefadura.com\/eu\/menuak-eta-anoak\/\" \/>\n<meta property=\"og:site_name\" content=\"Restaurante Fadura Jatetxea - Getxo\" \/>\n<meta property=\"article:publisher\" content=\"https:\/\/www.facebook.com\/restaurantefadura\/\" \/>\n<meta property=\"article:modified_time\" content=\"2025-10-08T20:56:59+00:00\" \/>\n<meta property=\"og:image\" content=\"https:\/\/www.restaurantefadura.com\/wp-content\/uploads\/2020\/07\/c_0225.jpeg\" \/>\n\t<meta property=\"og:image:width\" content=\"1920\" \/>\n\t<meta property=\"og:image:height\" content=\"1080\" \/>\n\t<meta property=\"og:image:type\" content=\"image\/jpeg\" \/>\n<meta name=\"twitter:card\" content=\"summary_large_image\" \/>\n<meta name=\"twitter:site\" content=\"@restaurantefad1\" \/>\n<meta name=\"twitter:label1\" content=\"Est. reading time\" \/>\n\t<meta name=\"twitter:data1\" content=\"1 minute\" \/>\n<script type=\"application\/ld+json\" class=\"yoast-schema-graph\">{\"@context\":\"https:\/\/schema.org\",\"@graph\":[{\"@type\":\"WebPage\",\"@id\":\"https:\/\/www.restaurantefadura.com\/eu\/menuak-eta-anoak\/\",\"url\":\"https:\/\/www.restaurantefadura.com\/eu\/menuak-eta-anoak\/\",\"name\":\"Menuak eta anoak | Restaurante Fadura Jatetxea - Getxo\",\"isPartOf\":{\"@id\":\"https:\/\/www.restaurantefadura.com\/#website\"},\"datePublished\":\"2025-09-26T12:02:53+00:00\",\"dateModified\":\"2025-10-08T20:56:59+00:00\",\"description\":\"En Fadura tienes de todo para comer bien: men\u00fas del d\u00eda ricos y equilibrados, men\u00fas especiales de fin de semana, y a base de mimo y productos frescos\",\"breadcrumb\":{\"@id\":\"https:\/\/www.restaurantefadura.com\/eu\/menuak-eta-anoak\/#breadcrumb\"},\"inLanguage\":\"eu-ES\",\"potentialAction\":[{\"@type\":\"ReadAction\",\"target\":[\"https:\/\/www.restaurantefadura.com\/eu\/menuak-eta-anoak\/\"]}]},{\"@type\":\"BreadcrumbList\",\"@id\":\"https:\/\/www.restaurantefadura.com\/eu\/menuak-eta-anoak\/#breadcrumb\",\"itemListElement\":[{\"@type\":\"ListItem\",\"position\":1,\"name\":\"Portada\",\"item\":\"https:\/\/www.restaurantefadura.com\/eu\/\"},{\"@type\":\"ListItem\",\"position\":2,\"name\":\"Menuak eta anoak\"}]},{\"@type\":\"WebSite\",\"@id\":\"https:\/\/www.restaurantefadura.com\/#website\",\"url\":\"https:\/\/www.restaurantefadura.com\/\",\"name\":\"Restaurante Fadura Jatetxea - Getxo\",\"description\":\"Restaurante en la Residencia para Deportitas Fadura\",\"publisher\":{\"@id\":\"https:\/\/www.restaurantefadura.com\/#organization\"},\"potentialAction\":[{\"@type\":\"SearchAction\",\"target\":{\"@type\":\"EntryPoint\",\"urlTemplate\":\"https:\/\/www.restaurantefadura.com\/?s={search_term_string}\"},\"query-input\":\"required name=search_term_string\"}],\"inLanguage\":\"eu-ES\"},{\"@type\":\"Organization\",\"@id\":\"https:\/\/www.restaurantefadura.com\/#organization\",\"name\":\"Restaurante Fadura Jatetxea\",\"url\":\"https:\/\/www.restaurantefadura.com\/\",\"logo\":{\"@type\":\"ImageObject\",\"inLanguage\":\"eu-ES\",\"@id\":\"https:\/\/www.restaurantefadura.com\/#\/schema\/logo\/image\/\",\"url\":\"https:\/\/www.restaurantefadura.com\/wp-content\/uploads\/2020\/06\/2-BurgerKORNER2.jpg\",\"contentUrl\":\"https:\/\/www.restaurantefadura.com\/wp-content\/uploads\/2020\/06\/2-BurgerKORNER2.jpg\",\"width\":1181,\"height\":591,\"caption\":\"Restaurante Fadura Jatetxea\"},\"image\":{\"@id\":\"https:\/\/www.restaurantefadura.com\/#\/schema\/logo\/image\/\"},\"sameAs\":[\"https:\/\/www.facebook.com\/restaurantefadura\/\",\"https:\/\/x.com\/restaurantefad1\",\"https:\/\/www.instagram.com\/restaurantefadura6\/\",\"https:\/\/www.youtube.com\/channel\/UCIyzoAuv69NgP4ZF6Yj68yw\"]}]}<\/script>\n<!-- \/ Yoast SEO plugin. -->","yoast_head_json":{"title":"Menuak eta anoak | Restaurante Fadura Jatetxea - Getxo","description":"En Fadura tienes de todo para comer bien: men\u00fas del d\u00eda ricos y equilibrados, men\u00fas especiales de fin de semana, y a base de mimo y productos frescos","robots":{"index":"index","follow":"follow","max-snippet":"max-snippet:-1","max-image-preview":"max-image-preview:large","max-video-preview":"max-video-preview:-1"},"canonical":"https:\/\/www.restaurantefadura.com\/eu\/menuak-eta-anoak\/","og_locale":"eu_ES","og_type":"article","og_title":"Menuak eta anoak | Restaurante Fadura Jatetxea - Getxo","og_description":"En Fadura tienes de todo para comer bien: men\u00fas del d\u00eda ricos y equilibrados, men\u00fas especiales de fin de semana, y a base de mimo y productos frescos","og_url":"https:\/\/www.restaurantefadura.com\/eu\/menuak-eta-anoak\/","og_site_name":"Restaurante Fadura Jatetxea - Getxo","article_publisher":"https:\/\/www.facebook.com\/restaurantefadura\/","article_modified_time":"2025-10-08T20:56:59+00:00","og_image":[{"width":1920,"height":1080,"url":"https:\/\/www.restaurantefadura.com\/wp-content\/uploads\/2020\/07\/c_0225.jpeg","type":"image\/jpeg"}],"twitter_card":"summary_large_image","twitter_site":"@restaurantefad1","twitter_misc":{"Est. reading time":"1 minute"},"schema":{"@context":"https:\/\/schema.org","@graph":[{"@type":"WebPage","@id":"https:\/\/www.restaurantefadura.com\/eu\/menuak-eta-anoak\/","url":"https:\/\/www.restaurantefadura.com\/eu\/menuak-eta-anoak\/","name":"Menuak eta anoak | Restaurante Fadura Jatetxea - Getxo","isPartOf":{"@id":"https:\/\/www.restaurantefadura.com\/#website"},"datePublished":"2025-09-26T12:02:53+00:00","dateModified":"2025-10-08T20:56:59+00:00","description":"En Fadura tienes de todo para comer bien: men\u00fas del d\u00eda ricos y equilibrados, men\u00fas especiales de fin de semana, y a base de mimo y productos frescos","breadcrumb":{"@id":"https:\/\/www.restaurantefadura.com\/eu\/menuak-eta-anoak\/#breadcrumb"},"inLanguage":"eu-ES","potentialAction":[{"@type":"ReadAction","target":["https:\/\/www.restaurantefadura.com\/eu\/menuak-eta-anoak\/"]}]},{"@type":"BreadcrumbList","@id":"https:\/\/www.restaurantefadura.com\/eu\/menuak-eta-anoak\/#breadcrumb","itemListElement":[{"@type":"ListItem","position":1,"name":"Portada","item":"https:\/\/www.restaurantefadura.com\/eu\/"},{"@type":"ListItem","position":2,"name":"Menuak eta anoak"}]},{"@type":"WebSite","@id":"https:\/\/www.restaurantefadura.com\/#website","url":"https:\/\/www.restaurantefadura.com\/","name":"Restaurante Fadura Jatetxea - Getxo","description":"Restaurante en la Residencia para Deportitas Fadura","publisher":{"@id":"https:\/\/www.restaurantefadura.com\/#organization"},"potentialAction":[{"@type":"SearchAction","target":{"@type":"EntryPoint","urlTemplate":"https:\/\/www.restaurantefadura.com\/?s={search_term_string}"},"query-input":"required name=search_term_string"}],"inLanguage":"eu-ES"},{"@type":"Organization","@id":"https:\/\/www.restaurantefadura.com\/#organization","name":"Restaurante Fadura Jatetxea","url":"https:\/\/www.restaurantefadura.com\/","logo":{"@type":"ImageObject","inLanguage":"eu-ES","@id":"https:\/\/www.restaurantefadura.com\/#\/schema\/logo\/image\/","url":"https:\/\/www.restaurantefadura.com\/wp-content\/uploads\/2020\/06\/2-BurgerKORNER2.jpg","contentUrl":"https:\/\/www.restaurantefadura.com\/wp-content\/uploads\/2020\/06\/2-BurgerKORNER2.jpg","width":1181,"height":591,"caption":"Restaurante Fadura Jatetxea"},"image":{"@id":"https:\/\/www.restaurantefadura.com\/#\/schema\/logo\/image\/"},"sameAs":["https:\/\/www.facebook.com\/restaurantefadura\/","https:\/\/x.com\/restaurantefad1","https:\/\/www.instagram.com\/restaurantefadura6\/","https:\/\/www.youtube.com\/channel\/UCIyzoAuv69NgP4ZF6Yj68yw"]}]}},"_links":{"self":[{"href":"https:\/\/www.restaurantefadura.com\/eu\/wp-json\/wp\/v2\/pages\/1990"}],"collection":[{"href":"https:\/\/www.restaurantefadura.com\/eu\/wp-json\/wp\/v2\/pages"}],"about":[{"href":"https:\/\/www.restaurantefadura.com\/eu\/wp-json\/wp\/v2\/types\/page"}],"author":[{"embeddable":true,"href":"https:\/\/www.restaurantefadura.com\/eu\/wp-json\/wp\/v2\/users\/6"}],"replies":[{"embeddable":true,"href":"https:\/\/www.restaurantefadura.com\/eu\/wp-json\/wp\/v2\/comments?post=1990"}],"version-history":[{"count":4,"href":"https:\/\/www.restaurantefadura.com\/eu\/wp-json\/wp\/v2\/pages\/1990\/revisions"}],"predecessor-version":[{"id":2006,"href":"https:\/\/www.restaurantefadura.com\/eu\/wp-json\/wp\/v2\/pages\/1990\/revisions\/2006"}],"wp:attachment":[{"href":"https:\/\/www.restaurantefadura.com\/eu\/wp-json\/wp\/v2\/media?parent=1990"}],"curies":[{"name":"wp","href":"https:\/\/api.w.org\/{rel}","templated":true}]}}