{"id":222,"date":"2020-04-06T07:32:03","date_gmt":"2020-04-06T07:32:03","guid":{"rendered":"http:\/\/www.restaurantefadura.com\/eskatu-zure-aurrekontua\/"},"modified":"2020-09-16T09:59:04","modified_gmt":"2020-09-16T09:59:04","slug":"zure-aurrekontua-eskatu-fadura-jatetxea","status":"publish","type":"page","link":"https:\/\/www.restaurantefadura.com\/eu\/zure-aurrekontua-eskatu-fadura-jatetxea\/","title":{"rendered":"Zure aurrekontua eskatu"},"content":{"rendered":"<p>[et_pb_section fb_built=&#8221;1&#8243; _builder_version=&#8221;4.4.1&#8243; use_background_color_gradient=&#8221;on&#8221; background_color_gradient_start=&#8221;#0f4c44&#8243; background_color_gradient_end=&#8221;rgba(0,0,0,0)&#8221; background_color_gradient_overlays_image=&#8221;on&#8221; background_image=&#8221;https:\/\/www.restaurantefadura.com\/wp-content\/uploads\/2020\/07\/c_0225.jpeg&#8221; hover_enabled=&#8221;0&#8243;][et_pb_row _builder_version=&#8221;4.4.1&#8243;][et_pb_column type=&#8221;4_4&#8243; _builder_version=&#8221;4.4.1&#8243;][et_pb_text _builder_version=&#8221;4.4.1&#8243; header_font=&#8221;|700|||||||&#8221; header_text_color=&#8221;#ffffff&#8221; header_font_size=&#8221;40px&#8221; animation_style=&#8221;fade&#8221; header_text_shadow_style=&#8221;preset1&#8243;]<\/p>\n<h1>Eskatu zure aurrekontua<\/h1>\n<p>[\/et_pb_text][et_pb_divider color=&#8221;#1e6310&#8243; divider_weight=&#8221;6px&#8221; _builder_version=&#8221;4.4.1&#8243; width=&#8221;120px&#8221; height=&#8221;23px&#8221; max_height=&#8221;120px&#8221; animation_style=&#8221;slide&#8221;][\/et_pb_divider][\/et_pb_column][\/et_pb_row][\/et_pb_section][et_pb_section fb_built=&#8221;1&#8243; _builder_version=&#8221;4.4.1&#8243;][et_pb_row column_structure=&#8221;2_5,3_5&#8243; _builder_version=&#8221;4.4.1&#8243;][et_pb_column type=&#8221;2_5&#8243; _builder_version=&#8221;4.4.1&#8243;][et_pb_text _builder_version=&#8221;4.4.1&#8243;]<\/p>\n<p>Eskatu hemen zure ospakizunetarako aurrekontua, formuralio hau betez eta bidaliz.<\/p>\n<p>[\/et_pb_text][\/et_pb_column][et_pb_column type=&#8221;3_5&#8243; _builder_version=&#8221;4.4.1&#8243;][et_pb_contact_form email=&#8221;webfadurarestaurante@ateri.net&#8221; custom_message=&#8221;Izena: %%name%%||et_pb_line_break_holder||Email: %%email%%||et_pb_line_break_holder||Telefonoa(opcional): %%telefono%%||et_pb_line_break_holder||Ospakizun edo ekitaldi mota: %%evento%%||et_pb_line_break_holder||Kontsulta: %%message%%||et_pb_line_break_holder||||et_pb_line_break_holder||Pribatutasun politika: %%privacidad%%&#8221; success_message=&#8221;Eskerrik asko Fadura jatetxearekin harremanetan jartzeagatik. Epe laburrean jarriko gara harremanetan.&#8221; submit_button_text=&#8221;Bidali&#8221; _builder_version=&#8221;4.4.1&#8243; captcha_font_size=&#8221;20px&#8221; custom_button=&#8221;on&#8221; button_text_color=&#8221;#136157&#8243;][et_pb_contact_field field_id=&#8221;name&#8221; field_title=&#8221;Izena*&#8221; fullwidth_field=&#8221;on&#8221; _builder_version=&#8221;4.4.1&#8243; button_text_size__hover_enabled=&#8221;off&#8221; button_one_text_size__hover_enabled=&#8221;off&#8221; button_two_text_size__hover_enabled=&#8221;off&#8221; button_text_color__hover_enabled=&#8221;off&#8221; button_one_text_color__hover_enabled=&#8221;off&#8221; button_two_text_color__hover_enabled=&#8221;off&#8221; button_border_width__hover_enabled=&#8221;off&#8221; button_one_border_width__hover_enabled=&#8221;off&#8221; button_two_border_width__hover_enabled=&#8221;off&#8221; button_border_color__hover_enabled=&#8221;off&#8221; button_one_border_color__hover_enabled=&#8221;off&#8221; button_two_border_color__hover_enabled=&#8221;off&#8221; button_border_radius__hover_enabled=&#8221;off&#8221; button_one_border_radius__hover_enabled=&#8221;off&#8221; button_two_border_radius__hover_enabled=&#8221;off&#8221; button_letter_spacing__hover_enabled=&#8221;off&#8221; button_one_letter_spacing__hover_enabled=&#8221;off&#8221; button_two_letter_spacing__hover_enabled=&#8221;off&#8221; button_bg_color__hover_enabled=&#8221;off&#8221; button_one_bg_color__hover_enabled=&#8221;off&#8221; button_two_bg_color__hover_enabled=&#8221;off&#8221;][\/et_pb_contact_field][et_pb_contact_field field_id=&#8221;telefono&#8221; field_title=&#8221;Telefonoa&#8221; allowed_symbols=&#8221;numbers&#8221; fullwidth_field=&#8221;on&#8221; _builder_version=&#8221;4.4.1&#8243;][\/et_pb_contact_field][et_pb_contact_field field_id=&#8221;email&#8221; field_title=&#8221;Helbide elektronikoa*&#8221; field_type=&#8221;email&#8221; fullwidth_field=&#8221;on&#8221; _builder_version=&#8221;4.4.1&#8243; button_text_size__hover_enabled=&#8221;off&#8221; button_one_text_size__hover_enabled=&#8221;off&#8221; button_two_text_size__hover_enabled=&#8221;off&#8221; button_text_color__hover_enabled=&#8221;off&#8221; button_one_text_color__hover_enabled=&#8221;off&#8221; button_two_text_color__hover_enabled=&#8221;off&#8221; button_border_width__hover_enabled=&#8221;off&#8221; button_one_border_width__hover_enabled=&#8221;off&#8221; button_two_border_width__hover_enabled=&#8221;off&#8221; button_border_color__hover_enabled=&#8221;off&#8221; button_one_border_color__hover_enabled=&#8221;off&#8221; button_two_border_color__hover_enabled=&#8221;off&#8221; button_border_radius__hover_enabled=&#8221;off&#8221; button_one_border_radius__hover_enabled=&#8221;off&#8221; button_two_border_radius__hover_enabled=&#8221;off&#8221; button_letter_spacing__hover_enabled=&#8221;off&#8221; button_one_letter_spacing__hover_enabled=&#8221;off&#8221; button_two_letter_spacing__hover_enabled=&#8221;off&#8221; button_bg_color__hover_enabled=&#8221;off&#8221; button_one_bg_color__hover_enabled=&#8221;off&#8221; button_two_bg_color__hover_enabled=&#8221;off&#8221;][\/et_pb_contact_field][et_pb_contact_field field_id=&#8221;evento&#8221; field_title=&#8221;Ospakizun edo ekitaldi mota&#8221; field_type=&#8221;radio&#8221; radio_options=&#8221;%91{%22value%22:%22Cumplea\u00f1os%22,%22checked%22:0,%22dragID%22:-1},{%22value%22:%22Lunch%22,%22checked%22:0,%22dragID%22:0},{%22value%22:%22Men\u00fas concertados para grupos%22,%22checked%22:0,%22dragID%22:1},{%22value%22:%22Eventos de presentaci\u00f3n%22,%22checked%22:0,%22dragID%22:2}%93&#8243; fullwidth_field=&#8221;on&#8221; _builder_version=&#8221;4.4.1&#8243;][\/et_pb_contact_field][et_pb_contact_field field_id=&#8221;privacidad&#8221; field_title=&#8221;Pribatutasun politika*&#8221; field_type=&#8221;checkbox&#8221; checkbox_options=&#8221;%91{%22value%22:%22Onartzen dut%22,%22checked%22:0,%22dragID%22:-1,%22link_url%22:%22https:\/\/www.restaurantefadura.com\/eu\/pribatutasun-politika\/%22,%22link_text%22:%22Pribatutaun Politika%22}%93&#8243; fullwidth_field=&#8221;on&#8221; _builder_version=&#8221;4.4.1&#8243;][\/et_pb_contact_field][et_pb_contact_field field_id=&#8221;message&#8221; field_title=&#8221;Kontsulta&#8221; field_type=&#8221;text&#8221; required_mark=&#8221;off&#8221; fullwidth_field=&#8221;on&#8221; _builder_version=&#8221;4.4.1&#8243; button_text_size__hover_enabled=&#8221;off&#8221; button_one_text_size__hover_enabled=&#8221;off&#8221; button_two_text_size__hover_enabled=&#8221;off&#8221; button_text_color__hover_enabled=&#8221;off&#8221; button_one_text_color__hover_enabled=&#8221;off&#8221; button_two_text_color__hover_enabled=&#8221;off&#8221; button_border_width__hover_enabled=&#8221;off&#8221; button_one_border_width__hover_enabled=&#8221;off&#8221; button_two_border_width__hover_enabled=&#8221;off&#8221; button_border_color__hover_enabled=&#8221;off&#8221; button_one_border_color__hover_enabled=&#8221;off&#8221; button_two_border_color__hover_enabled=&#8221;off&#8221; button_border_radius__hover_enabled=&#8221;off&#8221; button_one_border_radius__hover_enabled=&#8221;off&#8221; button_two_border_radius__hover_enabled=&#8221;off&#8221; button_letter_spacing__hover_enabled=&#8221;off&#8221; button_one_letter_spacing__hover_enabled=&#8221;off&#8221; button_two_letter_spacing__hover_enabled=&#8221;off&#8221; button_bg_color__hover_enabled=&#8221;off&#8221; button_one_bg_color__hover_enabled=&#8221;off&#8221; button_two_bg_color__hover_enabled=&#8221;off&#8221;][\/et_pb_contact_field][\/et_pb_contact_form][\/et_pb_column][\/et_pb_row][\/et_pb_section]<\/p>\n","protected":false},"excerpt":{"rendered":"<p>Eskatu zure aurrekontuaEskatu hemen zure ospakizunetarako aurrekontua, formuralio hau betez eta bidaliz.<\/p>\n","protected":false},"author":5,"featured_media":0,"parent":0,"menu_order":0,"comment_status":"closed","ping_status":"closed","template":"","meta":{"_et_pb_use_builder":"on","_et_pb_old_content":"","_et_gb_content_width":"","_exactmetrics_skip_tracking":false,"_exactmetrics_sitenote_active":false,"_exactmetrics_sitenote_note":"","_exactmetrics_sitenote_category":0,"footnotes":""},"class_list":["post-222","page","type-page","status-publish","hentry"],"yoast_head":"<!-- This site is optimized with the Yoast SEO plugin v23.2 - https:\/\/yoast.com\/wordpress\/plugins\/seo\/ -->\n<title>Zure aurrekontua eskatu | Restaurante Fadura Jatetxea - Getxo<\/title>\n<meta name=\"description\" content=\"Hurrengo web formularioaren bidez zure ekitaldi, urtebetetze eta ospakizunentzako aurrekotua eskatu dezakezu.\" \/>\n<meta name=\"robots\" content=\"index, follow, max-snippet:-1, max-image-preview:large, max-video-preview:-1\" \/>\n<link rel=\"canonical\" href=\"https:\/\/www.restaurantefadura.com\/solicita-tu-presupuesto-restaurante-fadura-jatetxea\/\" \/>\n<meta property=\"og:locale\" content=\"eu_ES\" \/>\n<meta property=\"og:type\" content=\"article\" \/>\n<meta property=\"og:title\" content=\"Zure aurrekontua eskatu | Restaurante Fadura Jatetxea - Getxo\" \/>\n<meta property=\"og:description\" content=\"Hurrengo web formularioaren bidez zure ekitaldi, urtebetetze eta ospakizunentzako aurrekotua eskatu dezakezu.\" \/>\n<meta property=\"og:url\" content=\"https:\/\/www.restaurantefadura.com\/solicita-tu-presupuesto-restaurante-fadura-jatetxea\/\" \/>\n<meta property=\"og:site_name\" content=\"Restaurante Fadura Jatetxea - Getxo\" \/>\n<meta property=\"article:publisher\" content=\"https:\/\/www.facebook.com\/restaurantefadura\/\" \/>\n<meta property=\"article:modified_time\" content=\"2020-09-16T09:59:04+00:00\" \/>\n<meta property=\"og:image\" content=\"https:\/\/www.restaurantefadura.com\/wp-content\/uploads\/2020\/07\/c_0225.jpeg\" \/>\n\t<meta property=\"og:image:width\" content=\"1920\" \/>\n\t<meta property=\"og:image:height\" content=\"1080\" \/>\n\t<meta property=\"og:image:type\" content=\"image\/jpeg\" \/>\n<meta name=\"twitter:card\" content=\"summary_large_image\" \/>\n<meta name=\"twitter:site\" content=\"@restaurantefad1\" \/>\n<meta name=\"twitter:label1\" content=\"Est. reading time\" \/>\n\t<meta name=\"twitter:data1\" content=\"4 minutes\" \/>\n<script type=\"application\/ld+json\" class=\"yoast-schema-graph\">{\"@context\":\"https:\/\/schema.org\",\"@graph\":[{\"@type\":\"WebPage\",\"@id\":\"https:\/\/www.restaurantefadura.com\/solicita-tu-presupuesto-restaurante-fadura-jatetxea\/\",\"url\":\"https:\/\/www.restaurantefadura.com\/solicita-tu-presupuesto-restaurante-fadura-jatetxea\/\",\"name\":\"Zure aurrekontua eskatu | Restaurante Fadura Jatetxea - Getxo\",\"isPartOf\":{\"@id\":\"https:\/\/www.restaurantefadura.com\/#website\"},\"datePublished\":\"2020-04-06T07:32:03+00:00\",\"dateModified\":\"2020-09-16T09:59:04+00:00\",\"description\":\"Hurrengo web formularioaren bidez zure ekitaldi, urtebetetze eta ospakizunentzako aurrekotua eskatu dezakezu.\",\"breadcrumb\":{\"@id\":\"https:\/\/www.restaurantefadura.com\/solicita-tu-presupuesto-restaurante-fadura-jatetxea\/#breadcrumb\"},\"inLanguage\":\"eu-ES\",\"potentialAction\":[{\"@type\":\"ReadAction\",\"target\":[\"https:\/\/www.restaurantefadura.com\/solicita-tu-presupuesto-restaurante-fadura-jatetxea\/\"]}]},{\"@type\":\"BreadcrumbList\",\"@id\":\"https:\/\/www.restaurantefadura.com\/solicita-tu-presupuesto-restaurante-fadura-jatetxea\/#breadcrumb\",\"itemListElement\":[{\"@type\":\"ListItem\",\"position\":1,\"name\":\"Portada\",\"item\":\"https:\/\/www.restaurantefadura.com\/eu\/\"},{\"@type\":\"ListItem\",\"position\":2,\"name\":\"Zure aurrekontua eskatu\"}]},{\"@type\":\"WebSite\",\"@id\":\"https:\/\/www.restaurantefadura.com\/#website\",\"url\":\"https:\/\/www.restaurantefadura.com\/\",\"name\":\"Restaurante Fadura Jatetxea - Getxo\",\"description\":\"Restaurante en la Residencia para Deportitas Fadura\",\"publisher\":{\"@id\":\"https:\/\/www.restaurantefadura.com\/#organization\"},\"potentialAction\":[{\"@type\":\"SearchAction\",\"target\":{\"@type\":\"EntryPoint\",\"urlTemplate\":\"https:\/\/www.restaurantefadura.com\/?s={search_term_string}\"},\"query-input\":\"required name=search_term_string\"}],\"inLanguage\":\"eu-ES\"},{\"@type\":\"Organization\",\"@id\":\"https:\/\/www.restaurantefadura.com\/#organization\",\"name\":\"Restaurante Fadura Jatetxea\",\"url\":\"https:\/\/www.restaurantefadura.com\/\",\"logo\":{\"@type\":\"ImageObject\",\"inLanguage\":\"eu-ES\",\"@id\":\"https:\/\/www.restaurantefadura.com\/#\/schema\/logo\/image\/\",\"url\":\"https:\/\/www.restaurantefadura.com\/wp-content\/uploads\/2020\/06\/2-BurgerKORNER2.jpg\",\"contentUrl\":\"https:\/\/www.restaurantefadura.com\/wp-content\/uploads\/2020\/06\/2-BurgerKORNER2.jpg\",\"width\":1181,\"height\":591,\"caption\":\"Restaurante Fadura Jatetxea\"},\"image\":{\"@id\":\"https:\/\/www.restaurantefadura.com\/#\/schema\/logo\/image\/\"},\"sameAs\":[\"https:\/\/www.facebook.com\/restaurantefadura\/\",\"https:\/\/x.com\/restaurantefad1\",\"https:\/\/www.instagram.com\/restaurantefadura6\/\",\"https:\/\/www.youtube.com\/channel\/UCIyzoAuv69NgP4ZF6Yj68yw\"]}]}<\/script>\n<!-- \/ Yoast SEO plugin. -->","yoast_head_json":{"title":"Zure aurrekontua eskatu | Restaurante Fadura Jatetxea - Getxo","description":"Hurrengo web formularioaren bidez zure ekitaldi, urtebetetze eta ospakizunentzako aurrekotua eskatu dezakezu.","robots":{"index":"index","follow":"follow","max-snippet":"max-snippet:-1","max-image-preview":"max-image-preview:large","max-video-preview":"max-video-preview:-1"},"canonical":"https:\/\/www.restaurantefadura.com\/solicita-tu-presupuesto-restaurante-fadura-jatetxea\/","og_locale":"eu_ES","og_type":"article","og_title":"Zure aurrekontua eskatu | Restaurante Fadura Jatetxea - Getxo","og_description":"Hurrengo web formularioaren bidez zure ekitaldi, urtebetetze eta ospakizunentzako aurrekotua eskatu dezakezu.","og_url":"https:\/\/www.restaurantefadura.com\/solicita-tu-presupuesto-restaurante-fadura-jatetxea\/","og_site_name":"Restaurante Fadura Jatetxea - Getxo","article_publisher":"https:\/\/www.facebook.com\/restaurantefadura\/","article_modified_time":"2020-09-16T09:59:04+00:00","og_image":[{"width":1920,"height":1080,"url":"https:\/\/www.restaurantefadura.com\/wp-content\/uploads\/2020\/07\/c_0225.jpeg","type":"image\/jpeg"}],"twitter_card":"summary_large_image","twitter_site":"@restaurantefad1","twitter_misc":{"Est. reading time":"4 minutes"},"schema":{"@context":"https:\/\/schema.org","@graph":[{"@type":"WebPage","@id":"https:\/\/www.restaurantefadura.com\/solicita-tu-presupuesto-restaurante-fadura-jatetxea\/","url":"https:\/\/www.restaurantefadura.com\/solicita-tu-presupuesto-restaurante-fadura-jatetxea\/","name":"Zure aurrekontua eskatu | Restaurante Fadura Jatetxea - Getxo","isPartOf":{"@id":"https:\/\/www.restaurantefadura.com\/#website"},"datePublished":"2020-04-06T07:32:03+00:00","dateModified":"2020-09-16T09:59:04+00:00","description":"Hurrengo web formularioaren bidez zure ekitaldi, urtebetetze eta ospakizunentzako aurrekotua eskatu dezakezu.","breadcrumb":{"@id":"https:\/\/www.restaurantefadura.com\/solicita-tu-presupuesto-restaurante-fadura-jatetxea\/#breadcrumb"},"inLanguage":"eu-ES","potentialAction":[{"@type":"ReadAction","target":["https:\/\/www.restaurantefadura.com\/solicita-tu-presupuesto-restaurante-fadura-jatetxea\/"]}]},{"@type":"BreadcrumbList","@id":"https:\/\/www.restaurantefadura.com\/solicita-tu-presupuesto-restaurante-fadura-jatetxea\/#breadcrumb","itemListElement":[{"@type":"ListItem","position":1,"name":"Portada","item":"https:\/\/www.restaurantefadura.com\/eu\/"},{"@type":"ListItem","position":2,"name":"Zure aurrekontua eskatu"}]},{"@type":"WebSite","@id":"https:\/\/www.restaurantefadura.com\/#website","url":"https:\/\/www.restaurantefadura.com\/","name":"Restaurante Fadura Jatetxea - Getxo","description":"Restaurante en la Residencia para Deportitas Fadura","publisher":{"@id":"https:\/\/www.restaurantefadura.com\/#organization"},"potentialAction":[{"@type":"SearchAction","target":{"@type":"EntryPoint","urlTemplate":"https:\/\/www.restaurantefadura.com\/?s={search_term_string}"},"query-input":"required name=search_term_string"}],"inLanguage":"eu-ES"},{"@type":"Organization","@id":"https:\/\/www.restaurantefadura.com\/#organization","name":"Restaurante Fadura Jatetxea","url":"https:\/\/www.restaurantefadura.com\/","logo":{"@type":"ImageObject","inLanguage":"eu-ES","@id":"https:\/\/www.restaurantefadura.com\/#\/schema\/logo\/image\/","url":"https:\/\/www.restaurantefadura.com\/wp-content\/uploads\/2020\/06\/2-BurgerKORNER2.jpg","contentUrl":"https:\/\/www.restaurantefadura.com\/wp-content\/uploads\/2020\/06\/2-BurgerKORNER2.jpg","width":1181,"height":591,"caption":"Restaurante Fadura Jatetxea"},"image":{"@id":"https:\/\/www.restaurantefadura.com\/#\/schema\/logo\/image\/"},"sameAs":["https:\/\/www.facebook.com\/restaurantefadura\/","https:\/\/x.com\/restaurantefad1","https:\/\/www.instagram.com\/restaurantefadura6\/","https:\/\/www.youtube.com\/channel\/UCIyzoAuv69NgP4ZF6Yj68yw"]}]}},"_links":{"self":[{"href":"https:\/\/www.restaurantefadura.com\/eu\/wp-json\/wp\/v2\/pages\/222"}],"collection":[{"href":"https:\/\/www.restaurantefadura.com\/eu\/wp-json\/wp\/v2\/pages"}],"about":[{"href":"https:\/\/www.restaurantefadura.com\/eu\/wp-json\/wp\/v2\/types\/page"}],"author":[{"embeddable":true,"href":"https:\/\/www.restaurantefadura.com\/eu\/wp-json\/wp\/v2\/users\/5"}],"replies":[{"embeddable":true,"href":"https:\/\/www.restaurantefadura.com\/eu\/wp-json\/wp\/v2\/comments?post=222"}],"version-history":[{"count":6,"href":"https:\/\/www.restaurantefadura.com\/eu\/wp-json\/wp\/v2\/pages\/222\/revisions"}],"predecessor-version":[{"id":784,"href":"https:\/\/www.restaurantefadura.com\/eu\/wp-json\/wp\/v2\/pages\/222\/revisions\/784"}],"wp:attachment":[{"href":"https:\/\/www.restaurantefadura.com\/eu\/wp-json\/wp\/v2\/media?parent=222"}],"curies":[{"name":"wp","href":"https:\/\/api.w.org\/{rel}","templated":true}]}}